{"id":9168,"date":"2025-01-23T09:03:00","date_gmt":"2025-01-23T09:03:00","guid":{"rendered":"https:\/\/japanesenkoreanmart.com\/?post_type=product&#038;p=9168"},"modified":"2025-03-13T18:42:40","modified_gmt":"2025-03-13T18:42:40","slug":"lotte-its-waffle-chocolate-cookie-140ml","status":"publish","type":"product","link":"https:\/\/japanesenkoreanmart.com\/ar\/product\/lotte-its-waffle-chocolate-cookie-140ml\/","title":{"rendered":"\u0643\u0648\u0643\u064a\u0632 \u0627\u0644\u0634\u0648\u0643\u0648\u0644\u0627\u062a\u0629 \u0628\u0627\u0644\u0648\u0627\u0641\u0644 \u0645\u0646 \u0644\u0648\u062a\u064a - 140 \u0645\u0644"},"content":{"rendered":"<p data-sourcepos=\"7:1-7:122\"><strong>\u0648\u0635\u0641:<\/strong> \u0647\u0630\u0627 \u0622\u064a\u0633 \u0643\u0631\u064a\u0645 \u0628\u0646\u0643\u0647\u0629 \u0628\u0633\u0643\u0648\u064a\u062a \u0627\u0644\u0634\u0648\u0643\u0648\u0644\u0627\u062a\u0629\u060c \u0628\u063a\u0637\u0627\u0621 \u062e\u0627\u0631\u062c\u064a \u0628\u0646\u0642\u0634\u0629 \u0627\u0644\u0648\u0627\u0641\u0644. \u0645\u0646 \u0623\u0647\u0645 \u0645\u0645\u064a\u0632\u0627\u062a\u0647:<\/p>\n<ul data-sourcepos=\"9:1-15:0\">\n<li data-sourcepos=\"9:1-9:95\"><strong>\u062a\u0634\u0648\u0643\u0648\u0643\u0648\u0643\u064a (\ucd08\ucf54\ucfe0\ud0a4):<\/strong> \u0646\u0643\u0647\u0629 \u0643\u0648\u0643\u064a\u0632 \u0627\u0644\u0634\u0648\u0643\u0648\u0644\u0627\u062a\u0629. \u0647\u0630\u0647 \u0647\u064a \u0627\u0644\u0646\u0643\u0647\u0629 \u0627\u0644\u0623\u0633\u0627\u0633\u064a\u0629 \u0644\u0644\u0622\u064a\u0633 \u0643\u0631\u064a\u0645.<\/li>\n<li data-sourcepos=\"10:1-10:72\"><strong>\u0645\u0632\u064a\u062c \u0627\u0644\u062d\u0644\u064a\u0628:<\/strong> \u064a\u0634\u064a\u0631 \u0647\u0630\u0627 \u0625\u0644\u0649 \u0627\u0644\u0622\u064a\u0633 \u0643\u0631\u064a\u0645 \u0627\u0644\u0645\u0639\u062a\u0645\u062f \u0639\u0644\u0649 \u0627\u0644\u062d\u0644\u064a\u0628 \u0623\u0648 \u0642\u0627\u0639\u062f\u0629 \u0627\u0644\u062d\u0644\u064a\u0628 \u0627\u0644\u0645\u062b\u0644\u062c.<\/li>\n<li data-sourcepos=\"11:1-11:82\"><strong>\u0634\u0631\u064a\u062d\u0629 \u0643\u0648\u0643\u064a:<\/strong> \u064a\u0634\u064a\u0631 \u0625\u0644\u0649 \u0648\u062c\u0648\u062f \u0642\u0637\u0639 \u0645\u0646 \u0627\u0644\u0643\u0648\u0643\u064a\u0632 \u062f\u0627\u062e\u0644 \u0627\u0644\u0622\u064a\u0633 \u0643\u0631\u064a\u0645.<\/li>\n<li data-sourcepos=\"12:1-12:93\"><strong>\u0627\u0644\u0634\u0648\u0643\u0648\u0644\u0627\u062a\u0629:<\/strong> \u0645\u0646 \u0627\u0644\u0645\u0631\u062c\u062d \u0623\u0646 \u064a\u0634\u064a\u0631 \u0625\u0644\u0649 \u0635\u0644\u0635\u0629 \u0627\u0644\u0634\u0648\u0643\u0648\u0644\u0627\u062a\u0629 \u0623\u0648 \u0627\u0644\u0637\u0644\u0627\u0621\u060c \u0631\u0628\u0645\u0627 \u062f\u0627\u062e\u0644 \u0627\u0644\u0637\u0628\u0642\u0627\u062a.<\/li>\n<li data-sourcepos=\"13:1-13:234\"><strong>3\uacb9\uc73c\ub85c \ub354\uc6b1 \ub9db\uc788\ub294! (3gyeobeuro deouk masitneun!):<\/strong> \"\u0623\u0643\u062b\u0631 \u0644\u0630\u0629 \u0645\u0639 \u062b\u0644\u0627\u062b \u0637\u0628\u0642\u0627\u062a!\" \u064a\u0634\u064a\u0631 \u0647\u0630\u0627 \u0625\u0644\u0649 \u0628\u0646\u064a\u0629 \u0645\u062a\u0639\u062f\u062f\u0629 \u0627\u0644\u0637\u0628\u0642\u0627\u062a\u060c \u062a\u062a\u0643\u0648\u0646 \u0639\u0644\u0649 \u0627\u0644\u0623\u0631\u062c\u062d \u0645\u0646 \u0627\u0644\u0637\u0628\u0642\u0629 \u0627\u0644\u062e\u0627\u0631\u062c\u064a\u0629 \u0644\u0644\u0648\u0627\u0641\u0644\u060c \u0648\u0622\u064a\u0633 \u0643\u0631\u064a\u0645 \u0628\u0633\u0643\u0648\u064a\u062a \u0627\u0644\u0634\u0648\u0643\u0648\u0644\u0627\u062a\u0629\u060c \u0648\u0635\u0644\u0635\u0629 \u0627\u0644\u0634\u0648\u0643\u0648\u0644\u0627\u062a\u0629\/\u0627\u0644\u0637\u0628\u0642\u0629.<\/li>\n<li data-sourcepos=\"14:1-15:0\"><strong>\u0623\u0648\u0643\u062f\u0648\u0646\u062c\u0627 (\u0623\u0648\u0643\u062f\u0648\u0646\u062c\u0627):<\/strong> \u0647\u0630\u0647 \u0639\u0644\u0627\u0645\u0629 \u062a\u062c\u0627\u0631\u064a\u0629 \u0645\u0633\u062a\u0642\u0644\u0629 \u0644\u0622\u064a\u0633 \u0643\u0631\u064a\u0645 \u0644\u0648\u062a\u064a. \u064a\u064f\u0631\u062c\u0651\u062d \u0623\u0646 \u064a\u064f\u0634\u064a\u0631 \u0625\u062f\u0631\u0627\u062c\u0647\u0627 \u0647\u0646\u0627 \u0625\u0644\u0649 \u062a\u0639\u0627\u0648\u0646 \u0623\u0648 \u0625\u0635\u062f\u0627\u0631 \u062e\u0627\u0635 \u064a\u062c\u0645\u0639 \u0639\u0646\u0627\u0635\u0631 \u0645\u0646 \u0645\u0646\u062a\u062c\u064a \"\u0625\u062a\u0633 \u0648\u0627\u0641\u0644\" \u0648\"\u0623\u0648\u0643 \u062f\u0648\u0646\u062c\u062c\u0627\".<\/li>\n<\/ul>","protected":false},"excerpt":{"rendered":"<p data-sourcepos=\"16:1-16:109\"><strong>\u0645\u0643\u0648\u0646\u0627\u062a:<\/strong> \u0642\u0627\u0626\u0645\u0629 \u0627\u0644\u0645\u0643\u0648\u0646\u0627\u062a \u0627\u0644\u0643\u0627\u0645\u0644\u0629 \u063a\u064a\u0631 \u0645\u0631\u0626\u064a\u0629. \u0628\u0646\u0627\u0621\u064b \u0639\u0644\u0649 \u0627\u0644\u0648\u0635\u0641\u060c \u0645\u0646 \u0627\u0644\u0645\u0631\u062c\u062d \u0623\u0646 \u062a\u0634\u0645\u0644 \u0627\u0644\u0645\u0643\u0648\u0646\u0627\u062a \u0645\u0627 \u064a\u0644\u064a:<\/p>\n<ul data-sourcepos=\"18:1-25:0\">\n<li data-sourcepos=\"18:1-18:23\">\u0627\u0644\u062d\u0644\u064a\u0628 \u0623\u0648 \u0627\u0644\u0645\u0648\u0627\u062f \u0627\u0644\u0635\u0644\u0628\u0629 \u0641\u064a \u0627\u0644\u062d\u0644\u064a\u0628<\/li>\n<li data-sourcepos=\"19:1-19:9\">\u0633\u0643\u0631<\/li>\n<li data-sourcepos=\"20:1-20:23\">\u0646\u0643\u0647\u0629 \u0627\u0644\u0634\u0648\u0643\u0648\u0644\u0627\u062a\u0629<\/li>\n<li data-sourcepos=\"21:1-21:57\">\u0642\u0637\u0639 \u0627\u0644\u0628\u0633\u0643\u0648\u064a\u062a (\u0627\u0644\u062f\u0642\u064a\u0642 \u0648\u0627\u0644\u0633\u0643\u0631 \u0648\u0627\u0644\u0632\u0628\u062f\u0629\/\u0627\u0644\u0632\u064a\u062a \u0648\u0627\u0644\u0643\u0627\u0643\u0627\u0648 \u0648\u0645\u0627 \u0625\u0644\u0649 \u0630\u0644\u0643)<\/li>\n<li data-sourcepos=\"22:1-22:63\">\u0635\u0644\u0635\u0629 \u0627\u0644\u0634\u0648\u0643\u0648\u0644\u0627\u062a\u0629\/\u0627\u0644\u0637\u0644\u0627\u0621 (\u0627\u0644\u0643\u0627\u0643\u0627\u0648 \u0648\u0627\u0644\u0633\u0643\u0631 \u0648\u0627\u0644\u0632\u064a\u062a \u0627\u0644\u0646\u0628\u0627\u062a\u064a \u0648\u0645\u0627 \u0625\u0644\u0649 \u0630\u0644\u0643)<\/li>\n<li data-sourcepos=\"23:1-23:31\">\u0627\u0644\u0645\u062b\u0628\u062a\u0627\u062a \u0648\u0627\u0644\u0645\u0633\u062a\u062d\u0644\u0628\u0627\u062a<\/li>\n<li data-sourcepos=\"24:1-25:0\">\u0645\u0643\u0648\u0646\u0627\u062a \u0645\u062e\u0631\u0648\u0637 \u0627\u0644\u0648\u0627\u0641\u0644\/\u0627\u0644\u0631\u0642\u0627\u0642\u0629 (\u0627\u0644\u062f\u0642\u064a\u0642 \u0648\u0627\u0644\u0633\u0643\u0631 \u0648\u0627\u0644\u0632\u064a\u062a \u0627\u0644\u0646\u0628\u0627\u062a\u064a \u0648\u0645\u0627 \u0625\u0644\u0649 \u0630\u0644\u0643)<\/li>\n<\/ul>\n<p data-sourcepos=\"26:1-26:128\"><strong>\u062a\u064e\u063a\u0630\u0650\u064a\u064e\u0629:<\/strong> \u062a\u0648\u062c\u062f \u0644\u0648\u062d\u0629 \u062a\u063a\u0630\u064a\u0629 \u0635\u063a\u064a\u0631\u0629\u060c \u0644\u0643\u0646 \u062a\u0641\u0627\u0635\u064a\u0644\u0647\u0627 \u0635\u0639\u0628\u0629 \u0627\u0644\u0642\u0631\u0627\u0621\u0629. \u0645\u0639 \u0630\u0644\u0643\u060c \u0623\u0633\u062a\u0637\u064a\u0639 \u062a\u0645\u064a\u064a\u0632 \u0628\u0639\u0636 \u0627\u0644\u0639\u0646\u0627\u0635\u0631:<\/p>\n<ul data-sourcepos=\"28:1-32:0\">\n<li data-sourcepos=\"28:1-28:74\"><strong>\u0e1e\u0e25\u0e31\u0e07\u0e07\u0e32\u0e23 (\u0641\u0627\u0644\u0627\u0646\u062c\u062c\u0627\u0646 - \u0627\u0644\u062a\u0627\u064a\u0644\u0627\u0646\u062f\u064a\u0629 \u0644\u0644\u0637\u0627\u0642\u0629):<\/strong> 280 (\u0643\u064a\u0644\u0648 \u0643\u0627\u0644\u0648\u0631\u064a \u0639\u0644\u0649 \u0627\u0644\u0623\u0631\u062c\u062d)<\/li>\n<li data-sourcepos=\"29:1-29:65\"><strong>\u0e44\u0e02\u0e21\u0e31\u0e23\u0e17\u0e31\u0e49\u0e07\u0e2b\u0e21\u0e14 (\u062e\u064a\u0645\u0627\u0646 \u062b\u0627\u0646\u063a\u0645\u0648\u062a - \u0627\u0644\u062a\u0627\u064a\u0644\u0627\u0646\u062f\u064a\u0629 \u0644\u0645\u062c\u0645\u0648\u0639 \u0627\u0644\u062f\u0647\u0648\u0646):<\/strong> 20 \u062c\u0631\u0627\u0645<\/li>\n<li data-sourcepos=\"30:1-30:62\"><strong>\u0e42\u0e04\u0e40\u0e25\u0e2a\u0e40\u0e15\u0e23\u0e32\u0e25 (Kh\u014dl\u0113ster\u00f8l - \u0627\u0644\u062a\u0627\u064a\u0644\u0627\u0646\u062f\u064a\u0629 \u0644\u0644\u0643\u0648\u0644\u064a\u0633\u062a\u0631\u0648\u0644):<\/strong> 14 \u0645\u0644\u063a<\/li>\n<li data-sourcepos=\"31:1-32:0\"><strong>\u0e42\u0e0b\u0e40\u0e14\u0e35\u0e22\u0e21 (S\u014dd\u012bem - \u0643\u0644\u0645\u0629 \u062a\u0627\u064a\u0644\u0627\u0646\u062f\u064a\u0629 \u062a\u0639\u0646\u064a \u0627\u0644\u0635\u0648\u062f\u064a\u0648\u0645):<\/strong> 75mg<\/li>\n<\/ul>\n<p data-sourcepos=\"33:1-33:70\">\u0645\u0646 \u0627\u0644\u0645\u0631\u062c\u062d \u0623\u0646 \u062a\u0643\u0648\u0646 \u0627\u0644\u0646\u0633\u0628 \u0627\u0644\u0645\u0626\u0648\u064a\u0629 \u0627\u0644\u0645\u0648\u062c\u0648\u062f\u0629 \u0623\u0633\u0641\u0644 \u0647\u0630\u0647 \u0627\u0644\u0642\u064a\u0645 \u0639\u0628\u0627\u0631\u0629 \u0639\u0646 \u0646\u0633\u0628 \u0627\u0644\u0642\u064a\u0645\u0629 \u0627\u0644\u064a\u0648\u0645\u064a\u0629.<\/p>\n<p data-sourcepos=\"35:1-35:15\"><strong>\u0641\u0626\u0627\u062a<\/strong><\/p>\n<ul data-sourcepos=\"37:1-41:0\">\n<li data-sourcepos=\"37:1-37:13\">\u0628\u0648\u0638\u0629<\/li>\n<li data-sourcepos=\"38:1-38:18\">\u062d\u0644\u0648\u0649 \u0645\u062c\u0645\u062f\u0629<\/li>\n<li data-sourcepos=\"39:1-39:17\">\u0627\u0644\u062d\u0644\u0648\u064a\u0627\u062a<\/li>\n<li data-sourcepos=\"40:1-41:0\">\u0627\u0644\u062a\u0639\u0627\u0648\u0646\u0627\u062a\/\u0627\u0644\u0625\u0635\u062f\u0627\u0631\u0627\u062a \u0627\u0644\u062e\u0627\u0635\u0629<\/li>\n<\/ul>\n<p data-sourcepos=\"42:1-42:81\"><strong><span class=\"citation-0 recitation\">\u0628\u0644\u062f \u0627\u0644\u0645\u0646\u0634\u0623:<\/span><\/strong><span class=\"citation-0 recitation citation-end-0\"> \u0643\u0648\u0631\u064a\u0627 \u0627\u0644\u062c\u0646\u0648\u0628\u064a\u0629 (Lotte \u0647\u064a \u0634\u0631\u0643\u0629 \u0643\u0648\u0631\u064a\u0629 \u062c\u0646\u0648\u0628\u064a\u0629)<\/span><\/p>\n<p data-sourcepos=\"42:1-42:81\"><strong>\u062a\u062e\u0632\u064a\u0646<\/strong> \u0625\u0628\u0642\u0627\u0621 \u0627\u0644\u0645\u062c\u0645\u062f\u0629<\/p>","protected":false},"featured_media":9170,"comment_status":"open","ping_status":"closed","template":"","meta":[],"product_cat":[1307,1308],"product_tag":[1278,1310,1313],"class_list":{"0":"post-9168","1":"product","2":"type-product","3":"status-publish","4":"has-post-thumbnail","6":"product_cat-ice-cream","7":"product_cat-lotte","8":"product_tag-chocolate","9":"product_tag-lotte-ice-cream","10":"product_tag-waffle","12":"first","13":"instock","14":"shipping-taxable","15":"purchasable","16":"product-type-simple"},"_links":{"self":[{"href":"https:\/\/japanesenkoreanmart.com\/ar\/wp-json\/wp\/v2\/product\/9168","targetHints":{"allow":["GET"]}}],"collection":[{"href":"https:\/\/japanesenkoreanmart.com\/ar\/wp-json\/wp\/v2\/product"}],"about":[{"href":"https:\/\/japanesenkoreanmart.com\/ar\/wp-json\/wp\/v2\/types\/product"}],"replies":[{"embeddable":true,"href":"https:\/\/japanesenkoreanmart.com\/ar\/wp-json\/wp\/v2\/comments?post=9168"}],"version-history":[{"count":1,"href":"https:\/\/japanesenkoreanmart.com\/ar\/wp-json\/wp\/v2\/product\/9168\/revisions"}],"predecessor-version":[{"id":9171,"href":"https:\/\/japanesenkoreanmart.com\/ar\/wp-json\/wp\/v2\/product\/9168\/revisions\/9171"}],"wp:featuredmedia":[{"embeddable":true,"href":"https:\/\/japanesenkoreanmart.com\/ar\/wp-json\/wp\/v2\/media\/9170"}],"wp:attachment":[{"href":"https:\/\/japanesenkoreanmart.com\/ar\/wp-json\/wp\/v2\/media?parent=9168"}],"wp:term":[{"taxonomy":"product_cat","embeddable":true,"href":"https:\/\/japanesenkoreanmart.com\/ar\/wp-json\/wp\/v2\/product_cat?post=9168"},{"taxonomy":"product_tag","embeddable":true,"href":"https:\/\/japanesenkoreanmart.com\/ar\/wp-json\/wp\/v2\/product_tag?post=9168"}],"curies":[{"name":"wp","href":"https:\/\/api.w.org\/{rel}","templated":true}]}}